{"id":1248,"date":"2020-04-13T17:02:46","date_gmt":"2020-04-13T15:02:46","guid":{"rendered":"http:\/\/westroijen.nl\/?page_id=1248"},"modified":"2020-04-13T17:02:46","modified_gmt":"2020-04-13T15:02:46","slug":"mensen-in-de-wijk","status":"publish","type":"page","link":"https:\/\/westroijen.nl\/?page_id=1248","title":{"rendered":"Mensen in de wijk"},"content":{"rendered":"\n<p><strong>ALTIJD HANDIG<\/strong><br>deze mensen en organisaties kennen uw wijk<\/p>\n\n\n\n<ul class=\"wp-block-list\"><li><strong>Politie<\/strong>, 0900-8844, Erwin van Dalen, wijkagent<\/li><li><strong>Meld misdaad anoniem<\/strong>, 0800-7000<\/li><li><strong>Wijkregiseur gemeente<\/strong>, Andries Faber, 06-28 469 59<\/li><li><strong>Wijkcoach, Moza\u00efek<\/strong>, Marc Horsten, 06-300 329 72<\/li><li><strong>Jongerenwerk, Moza\u00efek<\/strong>, Maurice Julienne, 06-380 772 05<\/li><li><strong>Woonconsulent Thius<\/strong>, 0344-614 106, Martijn van den Bogaard<\/li><li><strong>Woonconsulent KleurrijkWonen<\/strong>, Marieke Smit, 0345-596 376, Tom Breeman, 0345-596 169<\/li><li><strong>Meldpunt bijzondere zorg<\/strong>, 088 -447040<\/li><li><strong>Moza\u00efek<\/strong>, 0344-611 566<\/li><li><strong>Gemeente Tiel<\/strong>, 0344-637 111<\/li><\/ul>\n\n\n\n<p>Een volledig overzicht van alle mensen en organisaties vindt u <a href=\"http:\/\/westroijen.nl\/?page_id=62\">hier<\/a><\/p>\n","protected":false},"excerpt":{"rendered":"<p>ALTIJD HANDIGdeze mensen en organisaties kennen uw wijk Politie, 0900-8844, Erwin van Dalen, wijkagent Meld misdaad anoniem, 0800-7000 Wijkregiseur gemeente, Andries Faber, 06-28 469 59 Wijkcoach, Moza\u00efek, Marc Horsten, 06-300 329 72 Jongerenwerk, Moza\u00efek, Maurice Julienne, 06-380 772 05 Woonconsulent Thius, 0344-614 106, Martijn van den Bogaard Woonconsulent KleurrijkWonen, Marieke Smit, 0345-596 376, Tom Breeman, &hellip; <a href=\"https:\/\/westroijen.nl\/?page_id=1248\" class=\"more-link\">Lees verder <span class=\"screen-reader-text\">Mensen in de wijk<\/span><\/a><\/p>\n","protected":false},"author":3,"featured_media":0,"parent":0,"menu_order":0,"comment_status":"closed","ping_status":"closed","template":"","meta":{"footnotes":""},"class_list":["post-1248","page","type-page","status-publish","hentry"],"jetpack_sharing_enabled":true,"jetpack_shortlink":"https:\/\/wp.me\/P8poyZ-k8","jetpack-related-posts":[{"id":62,"url":"https:\/\/westroijen.nl\/?page_id=62","url_meta":{"origin":1248,"position":0},"title":"Belangrijke telefoonnummers","author":"Bertman","date":"16 februari 2017","format":false,"excerpt":"Politie\u00a0\u00a0Wijkagent Django van Ekeren\u00a0Wel actie nodig maar geen spoed?\u00a0Ambulancedienst\u00a0Brandweer\u00a00900 - 88 44\u00a0\u00a0\u00a00900 \u2013 88 44\u00a0(0344) - 67 57 57\u00a0Politie & Brandweer\u00a0Spoed?\u00a01-1-2\u00a0Avri\u00a0\u00a0Klantcontactcentrum\u00a0\u00a0\u00a0E-mail : Info@avri.nl\u00a0Tel. (0345) 58 53 53\u00a0\u00a0Politie\u00a0Misdaad anoniem\u00a00800 - 7000\u00a0GemeenteBel & HerstellijnCo\u00f6rdinatie buurtpreventie Tielafdeling IV\u00a0\u00a0Loket Wonen Welzijn Zorg (WMO)\u00a0\u00a0\u00a0CJG- Wijkteam Noord\u00a0\u00a0\u00a0Wijkregisseur\u00a0\u00a0Andries Faber\u00a0\u00a0(0344)- 63 75 55\u00a0(0344)- 63 71 51\u00a0(0344)- 63 73\u2026","rel":"","context":"Soortgelijk bericht","block_context":{"text":"Soortgelijk bericht","link":""},"img":{"alt_text":"","src":"","width":0,"height":0},"classes":[]},{"id":250,"url":"https:\/\/westroijen.nl\/?page_id=250","url_meta":{"origin":1248,"position":1},"title":"Contact met Moza\u00efek Matchpoint","author":"Bertman","date":"18 april 2017","format":false,"excerpt":"Dit is\u00a0Marc Horsten\u00a0en hij is onze contactpersoon bij Moza\u00efek Matchpoint van de organisatie Moza\u00efek Welzijnsdiensten. Moza\u00efek Matchpoint brengt hulp en vraag naar hulp samen wanneer mensen even niet weten hoe ze de dingen in het leven moeten aanpakken. Op de website van Moza\u00efek Matchpoint vind u nog veel meer informatie.\u2026","rel":"","context":"Soortgelijk bericht","block_context":{"text":"Soortgelijk bericht","link":""},"img":{"alt_text":"","src":"https:\/\/i0.wp.com\/westroijen.nl\/wp-content\/uploads\/2017\/04\/qhiukihP-150x150.jpg?resize=350%2C200","width":350,"height":200},"classes":[]},{"id":494,"url":"https:\/\/westroijen.nl\/?page_id=494","url_meta":{"origin":1248,"position":2},"title":"De mensen van het Wijkcomit\u00e9","author":"Bertman","date":"27 april 2019","format":false,"excerpt":"Martijn (voorzitter) Mijn naam is Martijn Hofman. Ik woon al bijna mijn hele leven in Tiel. In 2017 heb ik met hulp van het wijkcomite Westrooijen en een kleine groep buurtbewoners een buurtpreventie opgezet in de Kloosterbuurt. Ge\u00efnspireerd door de inzet van het wijkcomite leden ben ik blijven hangen, ik\u2026","rel":"","context":"Soortgelijk bericht","block_context":{"text":"Soortgelijk bericht","link":""},"img":{"alt_text":"","src":"https:\/\/i0.wp.com\/westroijen.nl\/wp-content\/uploads\/2019\/04\/martijn.png?resize=350%2C200&ssl=1","width":350,"height":200,"srcset":"https:\/\/i0.wp.com\/westroijen.nl\/wp-content\/uploads\/2019\/04\/martijn.png?resize=350%2C200&ssl=1 1x, https:\/\/i0.wp.com\/westroijen.nl\/wp-content\/uploads\/2019\/04\/martijn.png?resize=525%2C300&ssl=1 1.5x"},"classes":[]},{"id":993,"url":"https:\/\/westroijen.nl\/?page_id=993","url_meta":{"origin":1248,"position":3},"title":"Doelen","author":"Bertman","date":"9 mei 2019","format":false,"excerpt":"Wijkcomit\u00e9 Westroijen is actief aanwezig in de buurt en klaar om de ondersteunende arm te bieden waar nodig. Met verenigde krachten kunnen we veel meer bereiken.\u00a0 Dus help ons mee om ook jullie buurt een leefbare, veilige en fijne plek te maken. Onder het motto \u201csamen voor elkaar\u201d start het\u2026","rel":"","context":"Soortgelijk bericht","block_context":{"text":"Soortgelijk bericht","link":""},"img":{"alt_text":"","src":"https:\/\/i0.wp.com\/westroijen.nl\/wp-content\/uploads\/2018\/03\/WhatsApp-Image-2018-03-10-at-14.19.24.jpeg?resize=350%2C200&ssl=1","width":350,"height":200,"srcset":"https:\/\/i0.wp.com\/westroijen.nl\/wp-content\/uploads\/2018\/03\/WhatsApp-Image-2018-03-10-at-14.19.24.jpeg?resize=350%2C200&ssl=1 1x, https:\/\/i0.wp.com\/westroijen.nl\/wp-content\/uploads\/2018\/03\/WhatsApp-Image-2018-03-10-at-14.19.24.jpeg?resize=525%2C300&ssl=1 1.5x, https:\/\/i0.wp.com\/westroijen.nl\/wp-content\/uploads\/2018\/03\/WhatsApp-Image-2018-03-10-at-14.19.24.jpeg?resize=700%2C400&ssl=1 2x, https:\/\/i0.wp.com\/westroijen.nl\/wp-content\/uploads\/2018\/03\/WhatsApp-Image-2018-03-10-at-14.19.24.jpeg?resize=1050%2C600&ssl=1 3x, https:\/\/i0.wp.com\/westroijen.nl\/wp-content\/uploads\/2018\/03\/WhatsApp-Image-2018-03-10-at-14.19.24.jpeg?resize=1400%2C800&ssl=1 4x"},"classes":[]},{"id":265,"url":"https:\/\/westroijen.nl\/?page_id=265","url_meta":{"origin":1248,"position":4},"title":"Contact met Wijkregisseur","author":"Bertman","date":"18 april 2017","format":false,"excerpt":"Andries Faber is wijkregisseur bij de gemeente Tiel en heeft Tiel-Noord als aandachtsgebied.\u00a0Wijkregisseurs van de gemeente Tiel zijn voor inwoners het eerste aanspreekpunt als het gaat over inwonersinitiatieven.\u00a0De wijkregisseurs sluiten graag aan bij de vele initiatieven die er al zijn. Er zijn veel andere partners, (zoals politie, woningcorporaties AVRI, maatschappelijke\u2026","rel":"","context":"Soortgelijk bericht","block_context":{"text":"Soortgelijk bericht","link":""},"img":{"alt_text":"","src":"https:\/\/i0.wp.com\/westroijen.nl\/wp-content\/uploads\/2017\/04\/Schermafbeelding-2017-04-18-om-16.30.54-150x150.png?resize=350%2C200","width":350,"height":200},"classes":[]},{"id":48,"url":"https:\/\/westroijen.nl\/?page_id=48","url_meta":{"origin":1248,"position":5},"title":"Doelen oud","author":"Bertman","date":"16 februari 2017","format":false,"excerpt":"Heden ten dagen hebben wij onze doelstellingen opnieuw geformuleerd: Het comit\u00e9 wil samen met buurtbewoners problemen die in de wijk spelen samen met verantwoordelijke bestuurders oplossen. Het comit\u00e9 vervult hierin een sleutelrol omdat zij deuren opent die voor de bewoner of niet te vinden zijn of gesloten blijven. Het comit\u00e9\u2026","rel":"","context":"Soortgelijk bericht","block_context":{"text":"Soortgelijk bericht","link":""},"img":{"alt_text":"","src":"https:\/\/i0.wp.com\/westroijen.nl\/wp-content\/uploads\/2017\/02\/Westoijen_archief-768x1124.png?resize=350%2C200","width":350,"height":200,"srcset":"https:\/\/i0.wp.com\/westroijen.nl\/wp-content\/uploads\/2017\/02\/Westoijen_archief-768x1124.png?resize=350%2C200 1x, https:\/\/i0.wp.com\/westroijen.nl\/wp-content\/uploads\/2017\/02\/Westoijen_archief-768x1124.png?resize=525%2C300 1.5x"},"classes":[]}],"_links":{"self":[{"href":"https:\/\/westroijen.nl\/index.php?rest_route=\/wp\/v2\/pages\/1248","targetHints":{"allow":["GET"]}}],"collection":[{"href":"https:\/\/westroijen.nl\/index.php?rest_route=\/wp\/v2\/pages"}],"about":[{"href":"https:\/\/westroijen.nl\/index.php?rest_route=\/wp\/v2\/types\/page"}],"author":[{"embeddable":true,"href":"https:\/\/westroijen.nl\/index.php?rest_route=\/wp\/v2\/users\/3"}],"replies":[{"embeddable":true,"href":"https:\/\/westroijen.nl\/index.php?rest_route=%2Fwp%2Fv2%2Fcomments&post=1248"}],"version-history":[{"count":6,"href":"https:\/\/westroijen.nl\/index.php?rest_route=\/wp\/v2\/pages\/1248\/revisions"}],"predecessor-version":[{"id":1254,"href":"https:\/\/westroijen.nl\/index.php?rest_route=\/wp\/v2\/pages\/1248\/revisions\/1254"}],"wp:attachment":[{"href":"https:\/\/westroijen.nl\/index.php?rest_route=%2Fwp%2Fv2%2Fmedia&parent=1248"}],"curies":[{"name":"wp","href":"https:\/\/api.w.org\/{rel}","templated":true}]}}