{"id":993,"date":"2019-05-09T18:48:48","date_gmt":"2019-05-09T16:48:48","guid":{"rendered":"http:\/\/westroijen.nl\/?page_id=993"},"modified":"2019-05-09T18:48:49","modified_gmt":"2019-05-09T16:48:49","slug":"de-mensen-van-het-wijkcomite-2","status":"publish","type":"page","link":"https:\/\/westroijen.nl\/?page_id=993","title":{"rendered":"Doelen"},"content":{"rendered":"\n<p>Wijkcomit\u00e9 Westroijen is actief aanwezig in de buurt en klaar om de ondersteunende arm te bieden waar nodig. Met verenigde krachten kunnen we veel meer bereiken.&nbsp; Dus help ons mee om ook jullie buurt een leefbare, veilige en fijne plek te maken.<\/p>\n\n\n\n<p>Onder het motto \u201c<strong>samen voor elkaar<\/strong>\u201d start het Wijkcomit\u00e9 nieuwe initiatieven. De handen zijn ineengeslagen om samen met de lokale overheidsdiensten die zaken aan te pakken die belangrijk zijn!<br><br>Momenteel concentreert het Wijkcomit\u00e9 zich op drie speerpunten: <\/p>\n\n\n\n<div class=\"wp-block-media-text alignwide\" style=\"grid-template-columns:14% auto\"><figure class=\"wp-block-media-text__media\"><img data-recalc-dims=\"1\" loading=\"lazy\" decoding=\"async\" width=\"294\" height=\"212\" data-attachment-id=\"691\" data-permalink=\"https:\/\/westroijen.nl\/?attachment_id=691\" data-orig-file=\"https:\/\/i0.wp.com\/westroijen.nl\/wp-content\/uploads\/2018\/04\/buurtpreventiebord172d.jpg?fit=294%2C212&amp;ssl=1\" data-orig-size=\"294,212\" data-comments-opened=\"0\" data-image-meta=\"{&quot;aperture&quot;:&quot;2.2&quot;,&quot;credit&quot;:&quot;&quot;,&quot;camera&quot;:&quot;ONE E1003&quot;,&quot;caption&quot;:&quot;&quot;,&quot;created_timestamp&quot;:&quot;1473951709&quot;,&quot;copyright&quot;:&quot;&quot;,&quot;focal_length&quot;:&quot;3.79&quot;,&quot;iso&quot;:&quot;101&quot;,&quot;shutter_speed&quot;:&quot;0.00053219797764768&quot;,&quot;title&quot;:&quot;&quot;,&quot;orientation&quot;:&quot;1&quot;}\" data-image-title=\"buurtpreventiebord172d\" data-image-description=\"\" data-image-caption=\"\" data-large-file=\"https:\/\/i0.wp.com\/westroijen.nl\/wp-content\/uploads\/2018\/04\/buurtpreventiebord172d.jpg?fit=294%2C212&amp;ssl=1\" src=\"https:\/\/i0.wp.com\/westroijen.nl\/wp-content\/uploads\/2018\/04\/buurtpreventiebord172d.jpg?resize=294%2C212\" alt=\"\" class=\"wp-image-691\" srcset=\"https:\/\/i0.wp.com\/westroijen.nl\/wp-content\/uploads\/2018\/04\/buurtpreventiebord172d.jpg?w=294&amp;ssl=1 294w, https:\/\/i0.wp.com\/westroijen.nl\/wp-content\/uploads\/2018\/04\/buurtpreventiebord172d.jpg?resize=266%2C192&amp;ssl=1 266w\" sizes=\"auto, (max-width: 294px) 100vw, 294px\" \/><\/figure><div class=\"wp-block-media-text__content\">\n<h2 class=\"wp-block-heading\">Buurtpreventie<\/h2>\n\n\n\n<p style=\"text-align:left\">We motiveren wijkbewoners om voor hun wijk of een deel daarvan een buurtpreventie groep op te zetten. <br>Inmiddels zijn er al meerdere groepen actief. Een mooi voorbeeld is de buurtpreventie in de <a rel=\"noreferrer noopener\" aria-label=\"Kloosterbuurt (opens in a new tab)\" href=\"http:\/\/westroijen.nl\/?p=717\" target=\"_blank\">Kloosterbuurt<\/a>.<br>Wilt u ook aan de slag? Neem <a href=\"http:\/\/westroijen.nl\/?page_id=27\" target=\"_blank\" rel=\"noreferrer noopener\" aria-label=\"contact (opens in a new tab)\">contact<\/a> met ons op.  <br>Wij helpen u graag.  <\/p>\n<\/div><\/div>\n\n\n\n<hr class=\"wp-block-separator\"\/>\n\n\n\n<div class=\"wp-block-media-text alignwide\" style=\"grid-template-columns:14% auto\"><figure class=\"wp-block-media-text__media\"><img data-recalc-dims=\"1\" loading=\"lazy\" decoding=\"async\" width=\"648\" height=\"486\" data-attachment-id=\"664\" data-permalink=\"https:\/\/westroijen.nl\/?attachment_id=664\" data-orig-file=\"https:\/\/i0.wp.com\/westroijen.nl\/wp-content\/uploads\/2018\/03\/WhatsApp-Image-2018-03-10-at-14.19.24.jpeg?fit=1599%2C1200&amp;ssl=1\" data-orig-size=\"1599,1200\" data-comments-opened=\"0\" data-image-meta=\"{&quot;aperture&quot;:&quot;0&quot;,&quot;credit&quot;:&quot;&quot;,&quot;camera&quot;:&quot;&quot;,&quot;caption&quot;:&quot;&quot;,&quot;created_timestamp&quot;:&quot;0&quot;,&quot;copyright&quot;:&quot;&quot;,&quot;focal_length&quot;:&quot;0&quot;,&quot;iso&quot;:&quot;0&quot;,&quot;shutter_speed&quot;:&quot;0&quot;,&quot;title&quot;:&quot;&quot;,&quot;orientation&quot;:&quot;0&quot;}\" data-image-title=\"NLDoet\" data-image-description=\"\" data-image-caption=\"\" data-large-file=\"https:\/\/i0.wp.com\/westroijen.nl\/wp-content\/uploads\/2018\/03\/WhatsApp-Image-2018-03-10-at-14.19.24.jpeg?fit=648%2C486&amp;ssl=1\" src=\"https:\/\/i0.wp.com\/westroijen.nl\/wp-content\/uploads\/2018\/03\/WhatsApp-Image-2018-03-10-at-14.19.24.jpeg?resize=648%2C486\" alt=\"\" class=\"wp-image-664\" srcset=\"https:\/\/i0.wp.com\/westroijen.nl\/wp-content\/uploads\/2018\/03\/WhatsApp-Image-2018-03-10-at-14.19.24.jpeg?resize=1024%2C768&amp;ssl=1 1024w, https:\/\/i0.wp.com\/westroijen.nl\/wp-content\/uploads\/2018\/03\/WhatsApp-Image-2018-03-10-at-14.19.24.jpeg?resize=300%2C225&amp;ssl=1 300w, https:\/\/i0.wp.com\/westroijen.nl\/wp-content\/uploads\/2018\/03\/WhatsApp-Image-2018-03-10-at-14.19.24.jpeg?resize=768%2C576&amp;ssl=1 768w, https:\/\/i0.wp.com\/westroijen.nl\/wp-content\/uploads\/2018\/03\/WhatsApp-Image-2018-03-10-at-14.19.24.jpeg?resize=648%2C486&amp;ssl=1 648w, https:\/\/i0.wp.com\/westroijen.nl\/wp-content\/uploads\/2018\/03\/WhatsApp-Image-2018-03-10-at-14.19.24.jpeg?resize=256%2C192&amp;ssl=1 256w, https:\/\/i0.wp.com\/westroijen.nl\/wp-content\/uploads\/2018\/03\/WhatsApp-Image-2018-03-10-at-14.19.24.jpeg?w=1599&amp;ssl=1 1599w, https:\/\/i0.wp.com\/westroijen.nl\/wp-content\/uploads\/2018\/03\/WhatsApp-Image-2018-03-10-at-14.19.24.jpeg?w=1296 1296w\" sizes=\"auto, (max-width: 648px) 100vw, 648px\" \/><\/figure><div class=\"wp-block-media-text__content\">\n<h2 class=\"wp-block-heading\">Speeltuinen<\/h2>\n\n\n\n<p style=\"font-size:14px\">De gemeente Tiel wil het onderhoud van de speeltuinen overdragen aan de bewoners. <br>Als bewoners het onderhoud niet overnemen, dreigen de speeltuinen te verdwijnen. Inmiddels zijn al meerdere speeltuinen overgenomen door bewoners. <br>Hebt u interesse om in uw omgeving ook het onderhoud van een speeltuin over te nemen? neem dan <a rel=\"noreferrer noopener\" aria-label=\" (opens in a new tab)\" href=\"http:\/\/westroijen.nl\/?page_id=27\" target=\"_blank\">contact<\/a> met ons op zodat wij u kunnen helpen met bijvoorbeeld het mobiliseren van andere bewoners of het contact met de gemeente.<\/p>\n<\/div><\/div>\n\n\n\n<hr class=\"wp-block-separator\"\/>\n\n\n\n<div class=\"wp-block-media-text alignwide\" style=\"grid-template-columns:14% auto\"><figure class=\"wp-block-media-text__media\"><img data-recalc-dims=\"1\" loading=\"lazy\" decoding=\"async\" width=\"648\" height=\"486\" data-attachment-id=\"692\" data-permalink=\"https:\/\/westroijen.nl\/?attachment_id=692\" data-orig-file=\"https:\/\/i0.wp.com\/westroijen.nl\/wp-content\/uploads\/2018\/04\/buurtpreventie.jpg?fit=1600%2C1200&amp;ssl=1\" data-orig-size=\"1600,1200\" data-comments-opened=\"0\" data-image-meta=\"{&quot;aperture&quot;:&quot;0&quot;,&quot;credit&quot;:&quot;&quot;,&quot;camera&quot;:&quot;&quot;,&quot;caption&quot;:&quot;&quot;,&quot;created_timestamp&quot;:&quot;0&quot;,&quot;copyright&quot;:&quot;&quot;,&quot;focal_length&quot;:&quot;0&quot;,&quot;iso&quot;:&quot;0&quot;,&quot;shutter_speed&quot;:&quot;0&quot;,&quot;title&quot;:&quot;&quot;,&quot;orientation&quot;:&quot;0&quot;}\" data-image-title=\"buurtpreventie\" data-image-description=\"\" data-image-caption=\"\" data-large-file=\"https:\/\/i0.wp.com\/westroijen.nl\/wp-content\/uploads\/2018\/04\/buurtpreventie.jpg?fit=648%2C486&amp;ssl=1\" src=\"https:\/\/i0.wp.com\/westroijen.nl\/wp-content\/uploads\/2018\/04\/buurtpreventie.jpg?resize=648%2C486\" alt=\"\" class=\"wp-image-692\" srcset=\"https:\/\/i0.wp.com\/westroijen.nl\/wp-content\/uploads\/2018\/04\/buurtpreventie.jpg?resize=1024%2C768&amp;ssl=1 1024w, https:\/\/i0.wp.com\/westroijen.nl\/wp-content\/uploads\/2018\/04\/buurtpreventie.jpg?resize=300%2C225&amp;ssl=1 300w, https:\/\/i0.wp.com\/westroijen.nl\/wp-content\/uploads\/2018\/04\/buurtpreventie.jpg?resize=768%2C576&amp;ssl=1 768w, https:\/\/i0.wp.com\/westroijen.nl\/wp-content\/uploads\/2018\/04\/buurtpreventie.jpg?resize=648%2C486&amp;ssl=1 648w, https:\/\/i0.wp.com\/westroijen.nl\/wp-content\/uploads\/2018\/04\/buurtpreventie.jpg?resize=256%2C192&amp;ssl=1 256w, https:\/\/i0.wp.com\/westroijen.nl\/wp-content\/uploads\/2018\/04\/buurtpreventie.jpg?w=1600&amp;ssl=1 1600w, https:\/\/i0.wp.com\/westroijen.nl\/wp-content\/uploads\/2018\/04\/buurtpreventie.jpg?w=1296 1296w\" sizes=\"auto, (max-width: 648px) 100vw, 648px\" \/><\/figure><div class=\"wp-block-media-text__content\">\n<h2 class=\"wp-block-heading\">Zwerfafval<\/h2>\n\n\n\n<p style=\"font-size:14px\">Een schone wijk is vaak ook een veilige wijk. Daarnaast wordt het woongenot bevorderd.<br>We hebben als wijkcomit\u00e9 meerdere initiatieven ondersteund om onze wijk schoon te houden.<br>Het wijkcomit\u00e9 wil ook in de toekomst initiatieven ondersteunen die zorgen voor een schone wijk. <br>Wilt u meehelpen onze wijk schoon te houden? Neem dan <a href=\"http:\/\/westroijen.nl\/?page_id=27\" target=\"_blank\" rel=\"noreferrer noopener\" aria-label=\"contact (opens in a new tab)\">contact<\/a> met ons op. Wij helpen u graag verder.<\/p>\n<\/div><\/div>\n\n\n\n<hr class=\"wp-block-separator\"\/>\n","protected":false},"excerpt":{"rendered":"<p>Wijkcomit\u00e9 Westroijen is actief aanwezig in de buurt en klaar om de ondersteunende arm te bieden waar nodig. Met verenigde krachten kunnen we veel meer bereiken.&nbsp; Dus help ons mee om ook jullie buurt een leefbare, veilige en fijne plek te maken. Onder het motto \u201csamen voor elkaar\u201d start het Wijkcomit\u00e9 nieuwe initiatieven. De handen &hellip; <a href=\"https:\/\/westroijen.nl\/?page_id=993\" class=\"more-link\">Lees verder <span class=\"screen-reader-text\">Doelen<\/span><\/a><\/p>\n","protected":false},"author":3,"featured_media":0,"parent":0,"menu_order":0,"comment_status":"closed","ping_status":"closed","template":"","meta":{"footnotes":""},"class_list":["post-993","page","type-page","status-publish","hentry"],"jetpack_sharing_enabled":true,"jetpack_shortlink":"https:\/\/wp.me\/P8poyZ-g1","jetpack-related-posts":[{"id":494,"url":"https:\/\/westroijen.nl\/?page_id=494","url_meta":{"origin":993,"position":0},"title":"De mensen van het Wijkcomit\u00e9","author":"Bertman","date":"27 april 2019","format":false,"excerpt":"Martijn (voorzitter) Mijn naam is Martijn Hofman. Ik woon al bijna mijn hele leven in Tiel. In 2017 heb ik met hulp van het wijkcomite Westrooijen en een kleine groep buurtbewoners een buurtpreventie opgezet in de Kloosterbuurt. Ge\u00efnspireerd door de inzet van het wijkcomite leden ben ik blijven hangen, ik\u2026","rel":"","context":"Soortgelijk bericht","block_context":{"text":"Soortgelijk bericht","link":""},"img":{"alt_text":"","src":"https:\/\/i0.wp.com\/westroijen.nl\/wp-content\/uploads\/2019\/04\/martijn.png?resize=350%2C200&ssl=1","width":350,"height":200,"srcset":"https:\/\/i0.wp.com\/westroijen.nl\/wp-content\/uploads\/2019\/04\/martijn.png?resize=350%2C200&ssl=1 1x, https:\/\/i0.wp.com\/westroijen.nl\/wp-content\/uploads\/2019\/04\/martijn.png?resize=525%2C300&ssl=1 1.5x"},"classes":[]},{"id":581,"url":"https:\/\/westroijen.nl\/?page_id=581","url_meta":{"origin":993,"position":1},"title":"Meedoen","author":"Bertman","date":"6 december 2017","format":false,"excerpt":"Leuk dat je mee wilt doen met Wijkcomit\u00e9 Westroijen. We kunnen alle hulp gebruiken om iets moois van onze wijk te maken. Vul onderstaand formulier in en we nemen contact met je op. \u00a0","rel":"","context":"Soortgelijk bericht","block_context":{"text":"Soortgelijk bericht","link":""},"img":{"alt_text":"","src":"","width":0,"height":0},"classes":[]},{"id":265,"url":"https:\/\/westroijen.nl\/?page_id=265","url_meta":{"origin":993,"position":2},"title":"Contact met Wijkregisseur","author":"Bertman","date":"18 april 2017","format":false,"excerpt":"Andries Faber is wijkregisseur bij de gemeente Tiel en heeft Tiel-Noord als aandachtsgebied.\u00a0Wijkregisseurs van de gemeente Tiel zijn voor inwoners het eerste aanspreekpunt als het gaat over inwonersinitiatieven.\u00a0De wijkregisseurs sluiten graag aan bij de vele initiatieven die er al zijn. Er zijn veel andere partners, (zoals politie, woningcorporaties AVRI, maatschappelijke\u2026","rel":"","context":"Soortgelijk bericht","block_context":{"text":"Soortgelijk bericht","link":""},"img":{"alt_text":"","src":"https:\/\/i0.wp.com\/westroijen.nl\/wp-content\/uploads\/2017\/04\/Schermafbeelding-2017-04-18-om-16.30.54-150x150.png?resize=350%2C200","width":350,"height":200},"classes":[]},{"id":48,"url":"https:\/\/westroijen.nl\/?page_id=48","url_meta":{"origin":993,"position":3},"title":"Doelen oud","author":"Bertman","date":"16 februari 2017","format":false,"excerpt":"Heden ten dagen hebben wij onze doelstellingen opnieuw geformuleerd: Het comit\u00e9 wil samen met buurtbewoners problemen die in de wijk spelen samen met verantwoordelijke bestuurders oplossen. Het comit\u00e9 vervult hierin een sleutelrol omdat zij deuren opent die voor de bewoner of niet te vinden zijn of gesloten blijven. Het comit\u00e9\u2026","rel":"","context":"Soortgelijk bericht","block_context":{"text":"Soortgelijk bericht","link":""},"img":{"alt_text":"","src":"https:\/\/i0.wp.com\/westroijen.nl\/wp-content\/uploads\/2017\/02\/Westoijen_archief-768x1124.png?resize=350%2C200","width":350,"height":200,"srcset":"https:\/\/i0.wp.com\/westroijen.nl\/wp-content\/uploads\/2017\/02\/Westoijen_archief-768x1124.png?resize=350%2C200 1x, https:\/\/i0.wp.com\/westroijen.nl\/wp-content\/uploads\/2017\/02\/Westoijen_archief-768x1124.png?resize=525%2C300 1.5x"},"classes":[]},{"id":250,"url":"https:\/\/westroijen.nl\/?page_id=250","url_meta":{"origin":993,"position":4},"title":"Contact met Moza\u00efek Matchpoint","author":"Bertman","date":"18 april 2017","format":false,"excerpt":"Dit is\u00a0Marc Horsten\u00a0en hij is onze contactpersoon bij Moza\u00efek Matchpoint van de organisatie Moza\u00efek Welzijnsdiensten. Moza\u00efek Matchpoint brengt hulp en vraag naar hulp samen wanneer mensen even niet weten hoe ze de dingen in het leven moeten aanpakken. Op de website van Moza\u00efek Matchpoint vind u nog veel meer informatie.\u2026","rel":"","context":"Soortgelijk bericht","block_context":{"text":"Soortgelijk bericht","link":""},"img":{"alt_text":"","src":"https:\/\/i0.wp.com\/westroijen.nl\/wp-content\/uploads\/2017\/04\/qhiukihP-150x150.jpg?resize=350%2C200","width":350,"height":200},"classes":[]},{"id":56,"url":"https:\/\/westroijen.nl\/?page_id=56","url_meta":{"origin":993,"position":5},"title":"Contact","author":"Bertman","date":"16 februari 2017","format":false,"excerpt":"Let op: alleen bewoners van de Hennepe, de Kloosterbuurt en de Schepenbuurt kunnen lid worden van Wijkcomit\u00e9 Westroijen.","rel":"","context":"Soortgelijk bericht","block_context":{"text":"Soortgelijk bericht","link":""},"img":{"alt_text":"","src":"","width":0,"height":0},"classes":[]}],"_links":{"self":[{"href":"https:\/\/westroijen.nl\/index.php?rest_route=\/wp\/v2\/pages\/993","targetHints":{"allow":["GET"]}}],"collection":[{"href":"https:\/\/westroijen.nl\/index.php?rest_route=\/wp\/v2\/pages"}],"about":[{"href":"https:\/\/westroijen.nl\/index.php?rest_route=\/wp\/v2\/types\/page"}],"author":[{"embeddable":true,"href":"https:\/\/westroijen.nl\/index.php?rest_route=\/wp\/v2\/users\/3"}],"replies":[{"embeddable":true,"href":"https:\/\/westroijen.nl\/index.php?rest_route=%2Fwp%2Fv2%2Fcomments&post=993"}],"version-history":[{"count":15,"href":"https:\/\/westroijen.nl\/index.php?rest_route=\/wp\/v2\/pages\/993\/revisions"}],"predecessor-version":[{"id":1011,"href":"https:\/\/westroijen.nl\/index.php?rest_route=\/wp\/v2\/pages\/993\/revisions\/1011"}],"wp:attachment":[{"href":"https:\/\/westroijen.nl\/index.php?rest_route=%2Fwp%2Fv2%2Fmedia&parent=993"}],"curies":[{"name":"wp","href":"https:\/\/api.w.org\/{rel}","templated":true}]}}